{"id":22503,"date":"2024-01-22T15:24:18","date_gmt":"2024-01-22T21:24:18","guid":{"rendered":"https:\/\/www.artefacial.com\/?page_id=22503"},"modified":"2024-01-30T11:25:00","modified_gmt":"2024-01-30T17:25:00","slug":"blepharoplasty","status":"publish","type":"page","link":"https:\/\/www.artefacial.com\/en\/blepharoplasty\/","title":{"rendered":"Blepharoplasty"},"content":{"rendered":"\t\t<div data-elementor-type=\"wp-page\" data-elementor-id=\"22503\" class=\"elementor elementor-22503 elementor-22481\" data-elementor-post-type=\"page\">\n\t\t\t\t\t\t<section class=\"elementor-section elementor-top-section elementor-element elementor-element-fd584fa elementor-section-boxed elementor-section-height-default elementor-section-height-default\" data-id=\"fd584fa\" data-element_type=\"section\" data-e-type=\"section\" data-settings=\"{&quot;background_background&quot;:&quot;classic&quot;}\">\n\t\t\t\t\t\t<div class=\"elementor-container elementor-column-gap-extended\">\n\t\t\t\t\t<div class=\"elementor-column elementor-col-100 elementor-top-column elementor-element elementor-element-fed9710\" data-id=\"fed9710\" data-element_type=\"column\" data-e-type=\"column\">\n\t\t\t<div class=\"elementor-widget-wrap elementor-element-populated\">\n\t\t\t\t\t\t<div class=\"elementor-element elementor-element-375e3fb elementor-widget elementor-widget-text-editor\" data-id=\"375e3fb\" data-element_type=\"widget\" data-e-type=\"widget\" data-widget_type=\"text-editor.default\">\n\t\t\t\t<div class=\"elementor-widget-container\">\n\t\t\t\t\t\t\t\t\t<p style=\"text-align: center;\">Blepharoplasty, or eyelid surgery, is designed to treat the effects of aging around the eyes. A functional blepharoplasty treats loose or sagging skin that impairs vision, while a cosmetic blepharoplasty improves the appearance of the eyelids by restoring their natural contour through careful and artistic transformation.<\/p>\t\t\t\t\t\t\t\t<\/div>\n\t\t\t\t<\/div>\n\t\t\t\t\t<\/div>\n\t\t<\/div>\n\t\t\t\t\t<\/div>\n\t\t<\/section>\n\t\t\t\t<section class=\"elementor-section elementor-top-section elementor-element elementor-element-5bd63b6 elementor-section-boxed elementor-section-height-default elementor-section-height-default\" data-id=\"5bd63b6\" data-element_type=\"section\" data-e-type=\"section\">\n\t\t\t\t\t\t<div class=\"elementor-container elementor-column-gap-default\">\n\t\t\t\t\t<div class=\"elementor-column elementor-col-100 elementor-top-column elementor-element elementor-element-c02fb14\" data-id=\"c02fb14\" data-element_type=\"column\" data-e-type=\"column\">\n\t\t\t<div class=\"elementor-widget-wrap elementor-element-populated\">\n\t\t\t\t\t\t<div class=\"elementor-element elementor-element-98ac6a0 item-services-grey preserve-img-ratio-cover elementor-invisible elementor-widget elementor-widget-the7_elements\" data-id=\"98ac6a0\" data-element_type=\"widget\" data-e-type=\"widget\" data-settings=\"{&quot;_animation&quot;:&quot;fadeIn&quot;}\" data-widget_type=\"the7_elements.default\">\n\t\t\t\t<div class=\"elementor-widget-container\">\n\t\t\t\t\t<div class=\"portfolio-shortcode the7-elementor-widget the7_elements-98ac6a0 mode-grid dt-css-grid-wrap classic-layout-list description-under-image quick-scale-img meta-info-off content-bg-on resize-by-browser-width loading-effect-none jquery-filter\" data-padding=\"10px\" data-mobile-columns-num=\"1\" data-tablet-columns-num=\"2\" data-desktop-columns-num=\"3\" data-wide-desktop-columns-num=\"3\" data-post-limit=\"-1\" data-pagination-mode=\"none\" data-scroll-offset=\"\" aria-live=\"assertive\"><div class=\"dt-css-grid custom-pagination-handler\"><div class=\"visible wf-cell\" data-post-id=\"1181\" data-date=\"2017-07-13T16:50:02-06:00\" data-name=\"Upper Eyelid Blepharoplasty\"><article class=\"post visible post-1181 dt_portfolio type-dt_portfolio status-publish has-post-thumbnail hentry dt_portfolio_category-blepharoplasty dt_portfolio_category-cosmetic-surgery dt_portfolio_category-upper-face-procedures\" data-name=\"Upper Eyelid Blepharoplasty\" data-date=\"2017-07-13T16:50:02-06:00\">\n\n\t<div class=\"post-thumbnail-wrap\">\n\t\t<div class=\"post-thumbnail\">\n\n\t\t\t<a class=\"post-thumbnail-rollover layzr-bg img-css-resize-wrapper\" aria-label=\"Post image\" href=\"https:\/\/www.artefacial.com\/en\/info\/upper-eyelid-blepharoplasty\/\"><img fetchpriority=\"high\" decoding=\"async\" width=\"1200\" height=\"650\" src=\"data:image\/svg+xml,%3Csvg%20xmlns%3D&#039;http%3A%2F%2Fwww.w3.org%2F2000%2Fsvg&#039;%20viewBox%3D&#039;0%200%201200%20650&#039;%2F%3E\" class=\"attachment-full size-full preload-me aspect lazy lazy-load\" alt=\"Upper Eyelid Blepharoplasty\" sizes=\"(max-width: 1200px) 100vw, 1200px\" style=\"--ratio: 1200 \/ 650;\" data-src=\"https:\/\/www.artefacial.com\/wp-content\/uploads\/2017\/07\/Upper-Eyelid-Blepharoplasty-Gallery.jpg\" loading=\"eager\" data-srcset=\"https:\/\/www.artefacial.com\/wp-content\/uploads\/2017\/07\/Upper-Eyelid-Blepharoplasty-Gallery.jpg 1200w, https:\/\/www.artefacial.com\/wp-content\/uploads\/2017\/07\/Upper-Eyelid-Blepharoplasty-Gallery-300x163.jpg 300w, https:\/\/www.artefacial.com\/wp-content\/uploads\/2017\/07\/Upper-Eyelid-Blepharoplasty-Gallery-1024x555.jpg 1024w, https:\/\/www.artefacial.com\/wp-content\/uploads\/2017\/07\/Upper-Eyelid-Blepharoplasty-Gallery-768x416.jpg 768w\" \/><span class=\"the7-hover-icon\"><i aria-hidden=\"true\" class=\"icon icon-right-arrow\"><\/i><\/span><\/a>\n\t\t<\/div>\n\t<\/div>\n\n\n<div class=\"post-entry-content\">\n\n\t<h2 class=\"ele-entry-title\"><a href=\"https:\/\/www.artefacial.com\/en\/info\/upper-eyelid-blepharoplasty\/\" rel=\"bookmark\" title=\"Upper Eyelid Blepharoplasty\">Upper Eyelid Blepharoplasty<\/a><\/h2>\n<\/div><\/article><\/div><div class=\"visible wf-cell\" data-post-id=\"1496\" data-date=\"2017-07-13T17:10:40-06:00\" data-name=\"Asian Blepharoplasty\"><article class=\"post visible post-1496 dt_portfolio type-dt_portfolio status-publish has-post-thumbnail hentry dt_portfolio_category-blepharoplasty dt_portfolio_category-cosmetic-surgery dt_portfolio_category-upper-face-procedures\" data-name=\"Asian Blepharoplasty\" data-date=\"2017-07-13T17:10:40-06:00\">\n\n\t<div class=\"post-thumbnail-wrap\">\n\t\t<div class=\"post-thumbnail\">\n\n\t\t\t<a class=\"post-thumbnail-rollover layzr-bg img-css-resize-wrapper\" aria-label=\"Post image\" href=\"https:\/\/www.artefacial.com\/en\/info\/asian-blepharoplasty\/\"><img decoding=\"async\" width=\"1200\" height=\"650\" src=\"data:image\/svg+xml,%3Csvg%20xmlns%3D&#039;http%3A%2F%2Fwww.w3.org%2F2000%2Fsvg&#039;%20viewBox%3D&#039;0%200%201200%20650&#039;%2F%3E\" class=\"attachment-full size-full preload-me aspect lazy lazy-load\" alt=\"Double Eyelid Procedure\" sizes=\"(max-width: 1200px) 100vw, 1200px\" style=\"--ratio: 1200 \/ 650;\" data-src=\"https:\/\/www.artefacial.com\/wp-content\/uploads\/2017\/10\/Blefaroplastia-Asiatica-1.jpg\" loading=\"eager\" data-srcset=\"https:\/\/www.artefacial.com\/wp-content\/uploads\/2017\/10\/Blefaroplastia-Asiatica-1.jpg 1200w, https:\/\/www.artefacial.com\/wp-content\/uploads\/2017\/10\/Blefaroplastia-Asiatica-1-300x163.jpg 300w, https:\/\/www.artefacial.com\/wp-content\/uploads\/2017\/10\/Blefaroplastia-Asiatica-1-1024x555.jpg 1024w, https:\/\/www.artefacial.com\/wp-content\/uploads\/2017\/10\/Blefaroplastia-Asiatica-1-768x416.jpg 768w\" \/><span class=\"the7-hover-icon\"><i aria-hidden=\"true\" class=\"icon icon-right-arrow\"><\/i><\/span><\/a>\n\t\t<\/div>\n\t<\/div>\n\n\n<div class=\"post-entry-content\">\n\n\t<h2 class=\"ele-entry-title\"><a href=\"https:\/\/www.artefacial.com\/en\/info\/asian-blepharoplasty\/\" rel=\"bookmark\" title=\"Asian Blepharoplasty\">Asian Blepharoplasty<\/a><\/h2>\n<\/div><\/article><\/div><div class=\"visible wf-cell\" data-post-id=\"1184\" data-date=\"2017-07-13T17:21:09-06:00\" data-name=\"Lower Eyelid Blepharoplasty\"><article class=\"post visible post-1184 dt_portfolio type-dt_portfolio status-publish has-post-thumbnail hentry dt_portfolio_category-blepharoplasty dt_portfolio_category-cosmetic-surgery dt_portfolio_category-midface-procedures\" data-name=\"Lower Eyelid Blepharoplasty\" data-date=\"2017-07-13T17:21:09-06:00\">\n\n\t<div class=\"post-thumbnail-wrap\">\n\t\t<div class=\"post-thumbnail\">\n\n\t\t\t<a class=\"post-thumbnail-rollover layzr-bg img-css-resize-wrapper\" aria-label=\"Post image\" href=\"https:\/\/www.artefacial.com\/en\/info\/lower-eyelid-blepharoplasty\/\"><img decoding=\"async\" width=\"1200\" height=\"650\" src=\"data:image\/svg+xml,%3Csvg%20xmlns%3D&#039;http%3A%2F%2Fwww.w3.org%2F2000%2Fsvg&#039;%20viewBox%3D&#039;0%200%201200%20650&#039;%2F%3E\" class=\"attachment-full size-full preload-me aspect lazy lazy-load\" alt=\"Lower Eyelid Blepharoplasty - Reduce bags and dark circles\" sizes=\"(max-width: 1200px) 100vw, 1200px\" style=\"--ratio: 1200 \/ 650;\" data-src=\"https:\/\/www.artefacial.com\/wp-content\/uploads\/2017\/07\/Lower-Eyelid-Blepharoplasty-service.jpg\" loading=\"eager\" data-srcset=\"https:\/\/www.artefacial.com\/wp-content\/uploads\/2017\/07\/Lower-Eyelid-Blepharoplasty-service.jpg 1200w, https:\/\/www.artefacial.com\/wp-content\/uploads\/2017\/07\/Lower-Eyelid-Blepharoplasty-service-300x163.jpg 300w, https:\/\/www.artefacial.com\/wp-content\/uploads\/2017\/07\/Lower-Eyelid-Blepharoplasty-service-1024x555.jpg 1024w, https:\/\/www.artefacial.com\/wp-content\/uploads\/2017\/07\/Lower-Eyelid-Blepharoplasty-service-768x416.jpg 768w\" \/><span class=\"the7-hover-icon\"><i aria-hidden=\"true\" class=\"icon icon-right-arrow\"><\/i><\/span><\/a>\n\t\t<\/div>\n\t<\/div>\n\n\n<div class=\"post-entry-content\">\n\n\t<h2 class=\"ele-entry-title\"><a href=\"https:\/\/www.artefacial.com\/en\/info\/lower-eyelid-blepharoplasty\/\" rel=\"bookmark\" title=\"Lower Eyelid Blepharoplasty\">Lower Eyelid Blepharoplasty<\/a><\/h2>\n<\/div><\/article><\/div><\/div><!-- iso-container|iso-grid --><\/div>\t\t\t\t<\/div>\n\t\t\t\t<\/div>\n\t\t\t\t\t<\/div>\n\t\t<\/div>\n\t\t\t\t\t<\/div>\n\t\t<\/section>\n\t\t\t\t<\/div>\n\t\t","protected":false},"excerpt":{"rendered":"<p>Blepharoplasty, or eyelid surgery, is designed to treat the effects of aging around the eyes. A functional blepharoplasty treats loose or sagging skin that impairs vision, while a cosmetic blepharoplasty improves the appearance of the eyelids by restoring their natural contour through careful and artistic transformation. Blefaroplastia P\u00e1rpado Superior Blefaroplastia Asi\u00e1tica Blefaroplastia del P\u00e1rpado Inferior<\/p>\n","protected":false},"author":1,"featured_media":0,"parent":0,"menu_order":0,"comment_status":"closed","ping_status":"closed","template":"elementor_header_footer","meta":{"footnotes":""},"class_list":["post-22503","page","type-page","status-publish","hentry"],"yoast_head":"<!-- This site is optimized with the Yoast SEO plugin v27.4 - https:\/\/yoast.com\/product\/yoast-seo-wordpress\/ -->\n<title>Blepharoplasty in Costa Rica - Arte Facial<\/title>\n<meta name=\"description\" content=\"Blepharoplasty, or eyelid lift, is a surgical procedure that can help you achieve a younger, more awake appearance. At Arte Facial, we offer\" \/>\n<meta name=\"robots\" content=\"index, follow, max-snippet:-1, max-image-preview:large, max-video-preview:-1\" \/>\n<link rel=\"canonical\" href=\"https:\/\/www.artefacial.com\/en\/blepharoplasty\/\" \/>\n<meta property=\"og:locale\" content=\"en_US\" \/>\n<meta property=\"og:type\" content=\"article\" \/>\n<meta property=\"og:title\" content=\"Blepharoplasty in Costa Rica - Arte Facial\" \/>\n<meta property=\"og:description\" content=\"Blepharoplasty, or eyelid lift, is a surgical procedure that can help you achieve a younger, more awake appearance. At Arte Facial, we offer\" \/>\n<meta property=\"og:url\" content=\"https:\/\/www.artefacial.com\/en\/blepharoplasty\/\" \/>\n<meta property=\"og:site_name\" content=\"Arte Facial\" \/>\n<meta property=\"article:publisher\" content=\"https:\/\/www.facebook.com\/ArteFacialCR\/\" \/>\n<meta property=\"article:modified_time\" content=\"2024-01-30T17:25:00+00:00\" \/>\n<meta property=\"og:image\" content=\"https:\/\/www.artefacial.com\/wp-content\/uploads\/2021\/11\/arte-facial-logo.png\" \/>\n\t<meta property=\"og:image:width\" content=\"265\" \/>\n\t<meta property=\"og:image:height\" content=\"100\" \/>\n\t<meta property=\"og:image:type\" content=\"image\/png\" \/>\n<meta name=\"twitter:card\" content=\"summary_large_image\" \/>\n<meta name=\"twitter:label1\" content=\"Est. reading time\" \/>\n\t<meta name=\"twitter:data1\" content=\"1 minute\" \/>\n<script type=\"application\/ld+json\" class=\"yoast-schema-graph\">{\"@context\":\"https:\\\/\\\/schema.org\",\"@graph\":[{\"@type\":\"WebPage\",\"@id\":\"https:\\\/\\\/www.artefacial.com\\\/en\\\/blepharoplasty\\\/\",\"url\":\"https:\\\/\\\/www.artefacial.com\\\/en\\\/blepharoplasty\\\/\",\"name\":\"Blepharoplasty in Costa Rica - Arte Facial\",\"isPartOf\":{\"@id\":\"https:\\\/\\\/www.artefacial.com\\\/en\\\/#website\"},\"datePublished\":\"2024-01-22T21:24:18+00:00\",\"dateModified\":\"2024-01-30T17:25:00+00:00\",\"description\":\"Blepharoplasty, or eyelid lift, is a surgical procedure that can help you achieve a younger, more awake appearance. At Arte Facial, we offer\",\"breadcrumb\":{\"@id\":\"https:\\\/\\\/www.artefacial.com\\\/en\\\/blepharoplasty\\\/#breadcrumb\"},\"inLanguage\":\"en-US\",\"potentialAction\":[{\"@type\":\"ReadAction\",\"target\":[\"https:\\\/\\\/www.artefacial.com\\\/en\\\/blepharoplasty\\\/\"]}]},{\"@type\":\"BreadcrumbList\",\"@id\":\"https:\\\/\\\/www.artefacial.com\\\/en\\\/blepharoplasty\\\/#breadcrumb\",\"itemListElement\":[{\"@type\":\"ListItem\",\"position\":1,\"name\":\"Inicio\",\"item\":\"https:\\\/\\\/www.artefacial.com\\\/en\\\/\"},{\"@type\":\"ListItem\",\"position\":2,\"name\":\"Blepharoplasty\"}]},{\"@type\":\"WebSite\",\"@id\":\"https:\\\/\\\/www.artefacial.com\\\/en\\\/#website\",\"url\":\"https:\\\/\\\/www.artefacial.com\\\/en\\\/\",\"name\":\"Arte Facial\",\"description\":\"Ciencia, Arte y Cuidado del Rostro\",\"publisher\":{\"@id\":\"https:\\\/\\\/www.artefacial.com\\\/en\\\/#organization\"},\"potentialAction\":[{\"@type\":\"SearchAction\",\"target\":{\"@type\":\"EntryPoint\",\"urlTemplate\":\"https:\\\/\\\/www.artefacial.com\\\/en\\\/?s={search_term_string}\"},\"query-input\":{\"@type\":\"PropertyValueSpecification\",\"valueRequired\":true,\"valueName\":\"search_term_string\"}}],\"inLanguage\":\"en-US\"},{\"@type\":\"Organization\",\"@id\":\"https:\\\/\\\/www.artefacial.com\\\/en\\\/#organization\",\"name\":\"Arte Facial\",\"url\":\"https:\\\/\\\/www.artefacial.com\\\/en\\\/\",\"logo\":{\"@type\":\"ImageObject\",\"inLanguage\":\"en-US\",\"@id\":\"https:\\\/\\\/www.artefacial.com\\\/en\\\/#\\\/schema\\\/logo\\\/image\\\/\",\"url\":\"https:\\\/\\\/www.artefacial.com\\\/wp-content\\\/uploads\\\/2021\\\/11\\\/arte-facial-logo.png\",\"contentUrl\":\"https:\\\/\\\/www.artefacial.com\\\/wp-content\\\/uploads\\\/2021\\\/11\\\/arte-facial-logo.png\",\"width\":265,\"height\":100,\"caption\":\"Arte Facial\"},\"image\":{\"@id\":\"https:\\\/\\\/www.artefacial.com\\\/en\\\/#\\\/schema\\\/logo\\\/image\\\/\"},\"sameAs\":[\"https:\\\/\\\/www.facebook.com\\\/ArteFacialCR\\\/\",\"https:\\\/\\\/www.instagram.com\\\/artefacialcr\\\/\",\"https:\\\/\\\/www.youtube.com\\\/c\\\/ArteFacial\"]}]}<\/script>\n<!-- \/ Yoast SEO plugin. -->","yoast_head_json":{"title":"Blepharoplasty in Costa Rica - Arte Facial","description":"Blepharoplasty, or eyelid lift, is a surgical procedure that can help you achieve a younger, more awake appearance. At Arte Facial, we offer","robots":{"index":"index","follow":"follow","max-snippet":"max-snippet:-1","max-image-preview":"max-image-preview:large","max-video-preview":"max-video-preview:-1"},"canonical":"https:\/\/www.artefacial.com\/en\/blepharoplasty\/","og_locale":"en_US","og_type":"article","og_title":"Blepharoplasty in Costa Rica - Arte Facial","og_description":"Blepharoplasty, or eyelid lift, is a surgical procedure that can help you achieve a younger, more awake appearance. At Arte Facial, we offer","og_url":"https:\/\/www.artefacial.com\/en\/blepharoplasty\/","og_site_name":"Arte Facial","article_publisher":"https:\/\/www.facebook.com\/ArteFacialCR\/","article_modified_time":"2024-01-30T17:25:00+00:00","og_image":[{"width":265,"height":100,"url":"https:\/\/www.artefacial.com\/wp-content\/uploads\/2021\/11\/arte-facial-logo.png","type":"image\/png"}],"twitter_card":"summary_large_image","twitter_misc":{"Est. reading time":"1 minute"},"schema":{"@context":"https:\/\/schema.org","@graph":[{"@type":"WebPage","@id":"https:\/\/www.artefacial.com\/en\/blepharoplasty\/","url":"https:\/\/www.artefacial.com\/en\/blepharoplasty\/","name":"Blepharoplasty in Costa Rica - Arte Facial","isPartOf":{"@id":"https:\/\/www.artefacial.com\/en\/#website"},"datePublished":"2024-01-22T21:24:18+00:00","dateModified":"2024-01-30T17:25:00+00:00","description":"Blepharoplasty, or eyelid lift, is a surgical procedure that can help you achieve a younger, more awake appearance. At Arte Facial, we offer","breadcrumb":{"@id":"https:\/\/www.artefacial.com\/en\/blepharoplasty\/#breadcrumb"},"inLanguage":"en-US","potentialAction":[{"@type":"ReadAction","target":["https:\/\/www.artefacial.com\/en\/blepharoplasty\/"]}]},{"@type":"BreadcrumbList","@id":"https:\/\/www.artefacial.com\/en\/blepharoplasty\/#breadcrumb","itemListElement":[{"@type":"ListItem","position":1,"name":"Inicio","item":"https:\/\/www.artefacial.com\/en\/"},{"@type":"ListItem","position":2,"name":"Blepharoplasty"}]},{"@type":"WebSite","@id":"https:\/\/www.artefacial.com\/en\/#website","url":"https:\/\/www.artefacial.com\/en\/","name":"Arte Facial","description":"Ciencia, Arte y Cuidado del Rostro","publisher":{"@id":"https:\/\/www.artefacial.com\/en\/#organization"},"potentialAction":[{"@type":"SearchAction","target":{"@type":"EntryPoint","urlTemplate":"https:\/\/www.artefacial.com\/en\/?s={search_term_string}"},"query-input":{"@type":"PropertyValueSpecification","valueRequired":true,"valueName":"search_term_string"}}],"inLanguage":"en-US"},{"@type":"Organization","@id":"https:\/\/www.artefacial.com\/en\/#organization","name":"Arte Facial","url":"https:\/\/www.artefacial.com\/en\/","logo":{"@type":"ImageObject","inLanguage":"en-US","@id":"https:\/\/www.artefacial.com\/en\/#\/schema\/logo\/image\/","url":"https:\/\/www.artefacial.com\/wp-content\/uploads\/2021\/11\/arte-facial-logo.png","contentUrl":"https:\/\/www.artefacial.com\/wp-content\/uploads\/2021\/11\/arte-facial-logo.png","width":265,"height":100,"caption":"Arte Facial"},"image":{"@id":"https:\/\/www.artefacial.com\/en\/#\/schema\/logo\/image\/"},"sameAs":["https:\/\/www.facebook.com\/ArteFacialCR\/","https:\/\/www.instagram.com\/artefacialcr\/","https:\/\/www.youtube.com\/c\/ArteFacial"]}]}},"_links":{"self":[{"href":"https:\/\/www.artefacial.com\/en\/wp-json\/wp\/v2\/pages\/22503","targetHints":{"allow":["GET"]}}],"collection":[{"href":"https:\/\/www.artefacial.com\/en\/wp-json\/wp\/v2\/pages"}],"about":[{"href":"https:\/\/www.artefacial.com\/en\/wp-json\/wp\/v2\/types\/page"}],"author":[{"embeddable":true,"href":"https:\/\/www.artefacial.com\/en\/wp-json\/wp\/v2\/users\/1"}],"replies":[{"embeddable":true,"href":"https:\/\/www.artefacial.com\/en\/wp-json\/wp\/v2\/comments?post=22503"}],"version-history":[{"count":0,"href":"https:\/\/www.artefacial.com\/en\/wp-json\/wp\/v2\/pages\/22503\/revisions"}],"wp:attachment":[{"href":"https:\/\/www.artefacial.com\/en\/wp-json\/wp\/v2\/media?parent=22503"}],"curies":[{"name":"wp","href":"https:\/\/api.w.org\/{rel}","templated":true}]}}